{"id":3156,"date":"2022-09-08T13:57:57","date_gmt":"2022-09-08T13:57:57","guid":{"rendered":"https:\/\/www.techof.pt\/?page_id=3156"},"modified":"2022-09-08T14:22:05","modified_gmt":"2022-09-08T14:22:05","slug":"terms","status":"publish","type":"page","link":"https:\/\/www.techof.pt\/pt\/terms\/","title":{"rendered":"Termos e Condi\u00e7\u00f5es"},"content":{"rendered":"<div data-elementor-type=\"wp-page\" data-elementor-id=\"3156\" class=\"elementor elementor-3156\" data-elementor-post-type=\"page\">\n\t\t\t\t\t\t<section class=\"elementor-section elementor-top-section elementor-element elementor-element-4f2433e elementor-section-boxed elementor-section-height-default elementor-section-height-default\" data-id=\"4f2433e\" data-element_type=\"section\" data-e-type=\"section\" data-no-translation=\"\">\n\t\t\t\t\t\t<div class=\"elementor-container elementor-column-gap-default\">\n\t\t\t\t\t<div class=\"elementor-column elementor-col-100 elementor-top-column elementor-element elementor-element-c4cee99\" data-id=\"c4cee99\" data-element_type=\"column\" data-e-type=\"column\">\n\t\t\t<div class=\"elementor-widget-wrap elementor-element-populated\">\n\t\t\t\t\t\t<div class=\"elementor-element elementor-element-e23be5e elementor-widget elementor-widget-heading\" data-id=\"e23be5e\" data-element_type=\"widget\" data-e-type=\"widget\" data-widget_type=\"heading.default\">\n\t\t\t\t<div class=\"elementor-widget-container\">\n\t\t\t\t\t<h2 class=\"elementor-heading-title elementor-size-default\">Termos de Uso<\/h2>\t\t\t\t<\/div>\n\t\t\t\t<\/div>\n\t\t\t\t<div class=\"elementor-element elementor-element-a808603 elementor-widget elementor-widget-text-editor\" data-id=\"a808603\" data-element_type=\"widget\" data-e-type=\"widget\" data-widget_type=\"text-editor.default\">\n\t\t\t\t<div class=\"elementor-widget-container\">\n\t\t\t\t\t\t\t\t\t<p><strong>Em vigor a partir de 1\u00ba de setembro de 2022<\/strong><\/p><p><strong>IMPORTANTE: LEIA ESTES TERMOS DE USO<\/strong> <strong>COM CUIDADO. A UTILIZA\u00c7\u00c3O DOS SERVI\u00c7OS (CONFORME DEFINIDO ABAIXO) CONSTITUI A ACEITA\u00c7\u00c3O DESTE CONTRATO EM SEU NOME.<\/strong><\/p><p>Os seguintes termos de uso (\u201c <strong>Acordo <\/strong>\u201d) regem o uso de https:\/\/www.techof.pt (o \u201c <strong>Site <\/strong>\u201d) e qualquer um dos servi\u00e7os (os \u201c <strong>Servi\u00e7os <\/strong>\u201d) oferecidos pela <strong>TechOf <\/strong>, uma empresa constitu\u00edda como <strong>Re:Act \u2013 Re &amp; Upskilling Lda<\/strong>. (a \u201c <strong>Empresa <\/strong>\u201d) em e atrav\u00e9s do nosso Site, incluindo o uso de quaisquer informa\u00e7\u00f5es e dados do Site, e participa\u00e7\u00e3o em quaisquer \u00e1reas p\u00fablicas que possam existir no Site (as \u201c <strong>\u00c1reas P\u00fablicas <\/strong>\u201d).<\/p><p>Leia atentamente os requisitos deste Contrato. Seu uso de qualquer um dos Servi\u00e7os constitui sua concord\u00e2ncia em cumprir os termos deste Contrato. Pode aceder a este Acordo a qualquer momento em <a href=\"https:\/\/www.techof.pt\/pt\/terms\">https:\/\/www.techof.pt\/pt\/terms<\/a>.<\/p><p>Se n\u00e3o concordar e cumprir este Contrato e seus requisitos, voc\u00ea est\u00e1 expressamente proibido de usar os Servi\u00e7os e deve sair do Site.<br \/><br \/><\/p><h4><strong style=\"color: var( --e-global-color-text );\">Uso do Site<\/strong><\/h4><p>Pode visualizar e usar o Site e\/ou qualquer informa\u00e7\u00e3o nele contida somente de acordo com os termos deste Contrato.<\/p><p>Voc\u00ea n\u00e3o pode modificar, distribuir, publicar, licenciar, criar trabalhos derivados, transferir ou vender qualquer informa\u00e7\u00e3o ou conte\u00fado contido no Site.<\/p><p>O Site pode ser usado apenas conforme contemplado por este Contrato (cada um dos Utilizadores do Site ser\u00e1 aqui referido como um \u201c <strong>Utilizador<\/strong>\u201d). Voc\u00ea concorda em usar o Site apenas para fins legais e reconhece que sua falha em o fazer pode sujeit\u00e1-lo a responsabilidade civil e criminal, conforme determinado pela lei aplic\u00e1vel.<br \/><br \/><\/p><h4><strong>Altera\u00e7\u00f5es no Contrato e Regras Adicionais de Uso<\/strong><\/h4><p>A Empresa reserva-se o direito de, a qualquer momento e sem aviso pr\u00e9vio, modificar, alterar ou atualizar este Contrato. A data da revis\u00e3o mais recente aparecer\u00e1 nesta p\u00e1gina. Seu acesso cont\u00ednuo ao Site e uso dos Servi\u00e7os por voc\u00ea constituir\u00e1 sua aceita\u00e7\u00e3o de quaisquer altera\u00e7\u00f5es ou revis\u00f5es deste Contrato. A Empresa tamb\u00e9m se reserva o direito de publicar, de tempos em tempos, regras adicionais de uso que se apliquem a partes espec\u00edficas do Site, que podem ser publicadas nas partes relevantes do Site, e ser\u00e3o claramente identificadas. Seu uso continuado do Site constitui sua concord\u00e2ncia em cumprir essas regras adicionais.<br \/><br \/><\/p><h4><strong>Isen\u00e7\u00e3o de responsabilidade<\/strong><\/h4><p>Todas as Informa\u00e7\u00f5es (conforme definido abaixo) publicadas no Site est\u00e3o sujeitas a altera\u00e7\u00f5es ou remo\u00e7\u00e3o sem aviso pr\u00e9vio.<\/p><p>A Empresa pode fazer altera\u00e7\u00f5es nos materiais, produtos, recursos e servi\u00e7os dispon\u00edveis no Site a qualquer momento, sem aviso pr\u00e9vio.<\/p><p>Voc\u00ea n\u00e3o pode usar as Informa\u00e7\u00f5es para qualquer finalidade comercial, incluindo, sem limita\u00e7\u00e3o: (i) distribui\u00e7\u00e3o (eletr\u00f3nica ou de outra forma); (ii) revenda; (iii) aluguel; (iv) arrendamento; ou (v) exibi\u00e7\u00e3o.<\/p><p>Informa\u00e7\u00f5es, servi\u00e7os e outros materiais dispon\u00edveis atrav\u00e9s do Site s\u00e3o fornecidos \u201ccomo est\u00e3o\u201d, \u201cpor sua conta e risco\u201d. e \u201cComo Dispon\u00edvel\u201d sem qualquer garantia. Embora a Empresa tenha tentado fornecer informa\u00e7\u00f5es precisas no Site, a Empresa n\u00e3o assume nenhuma responsabilidade pela precis\u00e3o e integridade das Informa\u00e7\u00f5es, Servi\u00e7os ou outros materiais no Site. As Informa\u00e7\u00f5es e todos os outros materiais do Site s\u00e3o fornecidos apenas para fins de informa\u00e7\u00e3o geral e n\u00e3o constituem aconselhamento profissional.<\/p><p>Todas as outras garantias, expressas ou impl\u00edcitas, incluindo quaisquer garantias de comercializa\u00e7\u00e3o, adequa\u00e7\u00e3o a qualquer finalidade espec\u00edfica ou n\u00e3o viola\u00e7\u00e3o de propriedade intelectual s\u00e3o especificamente exclu\u00eddas e negadas. A Empresa n\u00e3o garante que as Informa\u00e7\u00f5es atendam aos requisitos do Utilizador e que a opera\u00e7\u00e3o dos Servi\u00e7os seja ininterrupta ou livre de erros, ou que o Site ou o servidor que os disponibiliza esteja livre de v\u00edrus ou bugs.<\/p><p>As obriga\u00e7\u00f5es da Empresa com rela\u00e7\u00e3o a seus produtos e servi\u00e7os s\u00e3o regidas exclusivamente pelos acordos sob os quais s\u00e3o fornecidos e nada no Site deve ser interpretado para alterar tais acordos. Os materiais e Servi\u00e7os no Site podem estar desatualizados e a Empresa n\u00e3o se compromete a atualizar os materiais e Servi\u00e7os no Site.<br \/><br \/><\/p><h4><strong>Limita\u00e7\u00e3o de responsabilidade<\/strong><\/h4><p>Em nenhum caso a Empresa, seus fornecedores ou outros terceiros mencionados no Site ser\u00e3o respons\u00e1veis por quaisquer danos (incluindo, sem limita\u00e7\u00e3o, aqueles resultantes de lucros cessantes, economias perdidas, perda de dados, interrup\u00e7\u00e3o de neg\u00f3cios ou outros danos especiais, consequenciais ou danos incidentais) decorrentes ou relacionados ao uso, incapacidade de uso ou resultados do uso do Site, quaisquer aplicativos de sites ou outro conte\u00fado vinculado ao Site, ou quaisquer materiais, informa\u00e7\u00f5es, produtos ou servi\u00e7os contidos em qualquer ou todos tais sites e\/ou aplicativos, seja com base em garantia, contrato, ato il\u00edcito ou qualquer outra teoria legal e se a Empresa foi ou n\u00e3o avisada da possibilidade de tais perdas ou danos. Se o uso dos materiais, Informa\u00e7\u00f5es ou servi\u00e7os do Site resultar na necessidade de manuten\u00e7\u00e3o, reparo ou corre\u00e7\u00e3o de equipamentos ou dados, voc\u00ea assume todos os custos.<br \/><br \/><\/p><h4><strong>Declara\u00e7\u00e3o de Pol\u00edtica de Privacidade<\/strong><\/h4><p>Al\u00e9m de revisar este Contrato, voc\u00ea tamb\u00e9m deve revisar nossa Pol\u00edtica de Privacidade (a \u201c <strong>Pol\u00edtica de Privacidade <\/strong>\u201d), que \u00e9 incorporada por refer\u00eancia a este Contrato, para entender melhor como coletamos e usamos dados pessoais. Seu uso do Site e dos Servi\u00e7os constitui sua concord\u00e2ncia com os termos e condi\u00e7\u00f5es da Pol\u00edtica de Privacidade. Consulte a nossa Pol\u00edtica de Privacidade em: <a href=\"https:\/\/www.techof.pt\/pt\/privacy\">https:\/\/www.techof.pt\/pt\/privacy<\/a><br \/><br \/><\/p><h4><strong>Propriedade intelectual<\/strong><\/h4><p>O Site, todas as Informa\u00e7\u00f5es e Propriedade Intelectual referenciadas no Site, incluindo patentes, direitos autorais, logotipos, marcas registadas e segredos comerciais s\u00e3o de propriedade legal da Empresa ou de terceiros . Esses direitos se aplicam \u00e0s Informa\u00e7\u00f5es, c\u00f3digo de computador do Site, design gr\u00e1fico, produtos, nomes de empresas, nomes de marcas, etc. Todo o conte\u00fado do Site \u00e9 protegido por direitos autorais e direitos de marca, exceto conforme especificamente permitido neste documento.<br \/><br \/><\/p><h4><strong>Links para sites de terceiros e aplicativos m\u00f3veis<\/strong><\/h4><p>Links no Site para sites e\/ou aplicativos de terceiros s\u00e3o fornecidos apenas para sua conveni\u00eancia. Se voc\u00ea usar esses links, sair\u00e1 do Site. A Empresa n\u00e3o revisou todos esses sites e\/ou aplicativos de terceiros e n\u00e3o controla e n\u00e3o \u00e9 respons\u00e1vel por nenhum desses sites ou seu conte\u00fado. Assim, a Empresa n\u00e3o endossa ou faz qualquer representa\u00e7\u00e3o sobre eles, ou qualquer informa\u00e7\u00e3o, software ou outros produtos ou materiais encontrados neles, ou quaisquer resultados que possam ser obtidos com o uso deles. Se voc\u00ea decidir aceder qualquer um dos sites e\/ou aplicativos de terceiros vinculados ao Site, voc\u00ea o far\u00e1 inteiramente por sua conta e risco e a Empresa n\u00e3o assume nenhuma responsabilidade por tal uso.<br \/><br \/><\/p><h4><strong>Propriedade do Site e Informa\u00e7\u00f5es<\/strong><\/h4><p>O Site \u00e9 expressamente de propriedade e operado pela Empresa. Salvo indica\u00e7\u00e3o em contr\u00e1rio, os recursos de design e conte\u00fado do Site, incluindo informa\u00e7\u00f5es e outros materiais, ilustra\u00e7\u00f5es, layout e design do produto, \u00edcones, bot\u00f5es de navega\u00e7\u00e3o, imagens, arte, gr\u00e1ficos, fotografia, texto, dados, som de \u00e1udio, software e similares , bem como a sele\u00e7\u00e3o, montagem e disposi\u00e7\u00e3o dos mesmos (coletivamente: as \u201c <strong>Informa\u00e7\u00f5es <\/strong>\u201d), s\u00e3o de propriedade da Empresa ou de suas afiliadas ou s\u00e3o licenciadas pela Empresa de terceiros. O Site, como um todo e em parte, e as Informa\u00e7\u00f5es s\u00e3o protegidos por direitos autorais, marca registada, marca de servi\u00e7o, nome comercial e outras propriedades intelectuais e outros direitos de propriedade, e todos os outros direitos aplic\u00e1veis s\u00e3o reservados e o Utilizador deve cumprir essas leis. Ao fornecer Informa\u00e7\u00f5es, a Empresa n\u00e3o concede nenhuma licen\u00e7a ou transfere quaisquer direitos de propriedade de quaisquer direitos autorais, patentes ou quaisquer outros direitos de propriedade intelectual.<br \/><br \/><\/p><h4><strong>Disponibilidade do site<\/strong><\/h4><p>A Empresa n\u00e3o ser\u00e1 respons\u00e1vel por qualquer interrup\u00e7\u00e3o no Site, independentemente da dura\u00e7\u00e3o. A Empresa n\u00e3o ser\u00e1 respons\u00e1vel por perdas relacionadas \u00e0 incapacidade do Utilizador de aceder o conte\u00fado devido a interrup\u00e7\u00f5es do Site. A Empresa ser\u00e1 dispensada do cumprimento de quaisquer obriga\u00e7\u00f5es sob este Contrato que sejam impedidas ou interferidas devido a atos ou condi\u00e7\u00f5es al\u00e9m do controle razo\u00e1vel da Empresa.<br \/><br \/><\/p><h4><strong>Indeniza\u00e7\u00e3o<\/strong><\/h4><p>Voc\u00ea concorda em indenizar a Empresa e suas afiliadas, diretores, funcion\u00e1rios, agentes, representantes e prestadores de servi\u00e7os terceirizados , e defender e isentar cada um deles de todas e quaisquer reivindica\u00e7\u00f5es, a\u00e7\u00f5es, responsabilidades, danos e custos (incluindo advogados taxas) (coletivamente, \u201c <strong>Reivindica\u00e7\u00f5es <\/strong>\u201d) que podem surgir de seu uso n\u00e3o autorizado do Site, Servi\u00e7os ou Informa\u00e7\u00f5es obtidas atrav\u00e9s do uso do Site e\/ou sua viola\u00e7\u00e3o deste Contrato. A Empresa reserva-se o direito de assumir o controle exclusivo de qualquer defesa de qualquer Reivindica\u00e7\u00e3o.<br \/><br \/><\/p><h4><strong>A seguran\u00e7a do local<\/strong><\/h4><p>Mantemos salvaguardas f\u00edsicas, eletr\u00f4nicas e processuais e pol\u00edticas de pessoal, consistentes com as leis aplic\u00e1veis que s\u00e3o projetadas para proteger o Site, nossos sistemas e dados fornecidos por nossos Utilizadores. Infelizmente, nenhuma transmiss\u00e3o de dados pela Internet pode ser garantida como segura. Em caso de viola\u00e7\u00e3o da confidencialidade ou seguran\u00e7a de suas informa\u00e7\u00f5es pessoais, tentaremos notific\u00e1-lo conforme necess\u00e1rio para que voc\u00ea possa tomar as medidas de prote\u00e7\u00e3o apropriadas. A menos que voc\u00ea indique o contr\u00e1rio, podemos notific\u00e1-lo nessas circunst\u00e2ncias usando seu endere\u00e7o de e-mail mais atual registado connosco.<br \/><br \/><\/p><h4><strong>Comunica\u00e7\u00f5es Eletr\u00f4nicas<\/strong><\/h4><p>Quando voc\u00ea visita o Site ou nos envia e-mails ou mensagens de texto, voc\u00ea est\u00e1 se comunicando connosco eletronicamente. Voc\u00ea concorda em receber nossas comunica\u00e7\u00f5es eletronicamente. N\u00f3s nos comunicaremos com voc\u00ea por e-mail, plataformas de mensagens, redes sociais ou postando avisos no Site. Voc\u00ea concorda que todos os acordos, avisos, divulga\u00e7\u00f5es e outras comunica\u00e7\u00f5es que fornecemos a voc\u00ea eletronicamente atendem a qualquer requisito legal de que tais comunica\u00e7\u00f5es sejam por escrito, se tais requisitos forem aplic\u00e1veis.<\/p><p>As comunica\u00e7\u00f5es eletr\u00f4nicas de assinatura cont\u00eam um link para que um Utilizador seja removido da lista de discuss\u00e3o.<br \/><br \/><\/p><h4><strong>Legisla\u00e7\u00f5es Locais<\/strong><\/h4><p>A Empresa n\u00e3o garante que o conte\u00fado, as Informa\u00e7\u00f5es ou os Servi\u00e7os oferecidos atrav\u00e9s do Site sejam apropriados, dispon\u00edveis ou legais em qualquer local espec\u00edfico . Aqueles que optam por aceder o conte\u00fado, as Informa\u00e7\u00f5es e os Servi\u00e7os oferecidos por meio do Site o fazem por iniciativa pr\u00f3pria e s\u00e3o respons\u00e1veis pelo cumprimento das leis locais, se e na medida em que as leis locais forem aplic\u00e1veis.<\/p><p>O Utilizador entende e concorda que, al\u00e9m de danos em dinheiro, a Empresa ter\u00e1 direito a repara\u00e7\u00e3o equitativa, quando apropriado, em caso de viola\u00e7\u00e3o pelo Utilizador de qualquer parte deste Contrato.<br \/><br \/><\/p><h4><strong>Diversos<\/strong><\/h4><p>O Utilizador concorda que n\u00e3o existe nenhuma <em>joint venture<\/em>, parceria, emprego ou relacionamento de ag\u00eancia entre o Utilizador e a Empresa devido a este Contrato e\/ou ao uso do Site pelo Utilizador. O Utilizador n\u00e3o pode ceder qualquer parte de seus direitos e obriga\u00e7\u00f5es sob este Contrato sem o consentimento pr\u00e9vio por escrito da Empresa. Nenhuma ren\u00fancia de qualquer obriga\u00e7\u00e3o ou direito de qualquer uma das partes ser\u00e1 efetiva a menos que por escrito, executada pela parte contra a qual est\u00e1 sendo executada. Os termos deste Contrato s\u00e3o separ\u00e1veis e podem ser interpretados na medida de sua aplicabilidade considerando a inten\u00e7\u00e3o m\u00fatua das partes. Os t\u00edtulos e legendas neste Contrato s\u00e3o usados apenas por conveni\u00eancia e n\u00e3o devem ser considerados na sua interpreta\u00e7\u00e3o.<br \/><br \/><\/p><h4><strong>Em geral<\/strong><\/h4><p>A Empresa pode rever este Contrato a qualquer momento, atualizando esta p\u00e1gina no Site. Voc\u00ea deve visitar esta p\u00e1gina de tempos em tempos para rever o Contrato vigente, pois eles s\u00e3o vinculativos. Certas disposi\u00e7\u00f5es deste Contrato podem ser substitu\u00eddas por avisos ou termos legais expressamente designados localizados nas p\u00e1ginas do Site.<\/p><p>Os Utilizadores s\u00e3o respons\u00e1veis pelo cumprimento de suas leis locais aplic\u00e1veis. Qualquer reclama\u00e7\u00e3o relacionada ao Site ou uso do Site ser\u00e1 regida e interpretada de acordo com as leis de Portugal. Se qualquer termo ou disposi\u00e7\u00e3o deste aviso legal for, por qualquer motivo, considerado inv\u00e1lido, tal invalidade n\u00e3o afetar\u00e1 nenhum outro termo ou disposi\u00e7\u00e3o, e este aviso legal ser\u00e1 interpretado como se tal termo ou disposi\u00e7\u00e3o nunca tivesse sido contido neste aviso legal.<\/p><p>Poder\u00e1 contactar a Empresa em: <br \/><strong>Re:Act \u2013 Re &amp; Upskillig , Lda <\/strong><br \/>NIF: <strong>PT516744038 <\/strong><br \/>Alameda dos Oceanos , 106.11 Suplemento C 1E <br \/>1990-426 Lisboa <br \/>Portugal<\/p><p>Por email: <a href=\"mailto:info@techof.pt\">info@techof.pt<\/a><\/p>\t\t\t\t\t\t\t\t<\/div>\n\t\t\t\t<\/div>\n\t\t\t\t\t<\/div>\n\t\t<\/div>\n\t\t\t\t\t<\/div>\n\t\t<\/section>\n\t\t\t\t<\/div>","protected":false},"excerpt":{"rendered":"<p>Terms of Use Effective as of September 1, 2022 IMPORTANT: PLEASE READ THESE TERMS OF USE CAREFULLY.\u00a0 USING THE SERVICES (AS DEFINED BELOW) CONSTITUTES ACCEPTANCE OF THIS AGREEMENT ON YOUR BEHALF. The following terms of use (\u201cAgreement\u201d) govern your use of https:\/\/www.techof.pt\u00a0(the \u201cSite\u201d) and any of the services (the \u201cServices\u201d) offered by TechOf, a business [&hellip;]<\/p>\n","protected":false},"author":3,"featured_media":0,"parent":0,"menu_order":0,"comment_status":"closed","ping_status":"closed","template":"","meta":{"inline_featured_image":false,"footnotes":""},"class_list":["post-3156","page","type-page","status-publish","hentry"],"yoast_head":"<!-- This site is optimized with the Yoast SEO Premium plugin v27.4 (Yoast SEO v27.6) - https:\/\/yoast.com\/product\/yoast-seo-premium-wordpress\/ -->\n<title>Terms - TechOf - Re-Skilling People<\/title>\n<meta name=\"robots\" content=\"index, follow, max-snippet:-1, max-image-preview:large, max-video-preview:-1\" \/>\n<link rel=\"canonical\" href=\"https:\/\/www.techof.pt\/pt\/terms\/\" \/>\n<meta property=\"og:locale\" content=\"pt_PT\" \/>\n<meta property=\"og:type\" content=\"article\" \/>\n<meta property=\"og:title\" content=\"Terms\" \/>\n<meta property=\"og:description\" content=\"Terms of Use Effective as of September 1, 2022 IMPORTANT: PLEASE READ THESE TERMS OF USE CAREFULLY.\u00a0 USING THE SERVICES (AS DEFINED BELOW) CONSTITUTES ACCEPTANCE OF THIS AGREEMENT ON YOUR BEHALF. The following terms of use (\u201cAgreement\u201d) govern your use of https:\/\/www.techof.pt\u00a0(the \u201cSite\u201d) and any of the services (the \u201cServices\u201d) offered by TechOf, a business [&hellip;]\" \/>\n<meta property=\"og:url\" content=\"https:\/\/www.techof.pt\/pt\/terms\/\" \/>\n<meta property=\"og:site_name\" content=\"TechOf - Re-Skilling People\" \/>\n<meta property=\"article:publisher\" content=\"https:\/\/www.facebook.com\/techofpt\" \/>\n<meta property=\"article:modified_time\" content=\"2022-09-08T14:22:05+00:00\" \/>\n<meta name=\"twitter:card\" content=\"summary_large_image\" \/>\n<meta name=\"twitter:site\" content=\"@TechOf_\" \/>\n<meta name=\"twitter:label1\" content=\"Tempo estimado de leitura\" \/>\n\t<meta name=\"twitter:data1\" content=\"17 minutos\" \/>\n<script type=\"application\/ld+json\" class=\"yoast-schema-graph\">{\"@context\":\"https:\\\/\\\/schema.org\",\"@graph\":[{\"@type\":\"WebPage\",\"@id\":\"https:\\\/\\\/www.techof.pt\\\/en\\\/terms\\\/\",\"url\":\"https:\\\/\\\/www.techof.pt\\\/en\\\/terms\\\/\",\"name\":\"Terms - TechOf - Re-Skilling People\",\"isPartOf\":{\"@id\":\"https:\\\/\\\/www.techof.pt\\\/en\\\/#website\"},\"datePublished\":\"2022-09-08T13:57:57+00:00\",\"dateModified\":\"2022-09-08T14:22:05+00:00\",\"breadcrumb\":{\"@id\":\"https:\\\/\\\/www.techof.pt\\\/en\\\/terms\\\/#breadcrumb\"},\"inLanguage\":\"pt-PT\",\"potentialAction\":[{\"@type\":\"ReadAction\",\"target\":[\"https:\\\/\\\/www.techof.pt\\\/en\\\/terms\\\/\"]}]},{\"@type\":\"BreadcrumbList\",\"@id\":\"https:\\\/\\\/www.techof.pt\\\/en\\\/terms\\\/#breadcrumb\",\"itemListElement\":[{\"@type\":\"ListItem\",\"position\":1,\"name\":\"Home\",\"item\":\"https:\\\/\\\/www.techof.pt\\\/\"},{\"@type\":\"ListItem\",\"position\":2,\"name\":\"Terms\"}]},{\"@type\":\"WebSite\",\"@id\":\"https:\\\/\\\/www.techof.pt\\\/en\\\/#website\",\"url\":\"https:\\\/\\\/www.techof.pt\\\/en\\\/\",\"name\":\"TechOf - Re-Skilling People\",\"description\":\"The Fast Track to Tech\",\"publisher\":{\"@id\":\"https:\\\/\\\/www.techof.pt\\\/en\\\/#organization\"},\"potentialAction\":[{\"@type\":\"SearchAction\",\"target\":{\"@type\":\"EntryPoint\",\"urlTemplate\":\"https:\\\/\\\/www.techof.pt\\\/en\\\/?s={search_term_string}\"},\"query-input\":{\"@type\":\"PropertyValueSpecification\",\"valueRequired\":true,\"valueName\":\"search_term_string\"}}],\"inLanguage\":\"pt-PT\"},{\"@type\":\"Organization\",\"@id\":\"https:\\\/\\\/www.techof.pt\\\/en\\\/#organization\",\"name\":\"TechOf\",\"url\":\"https:\\\/\\\/www.techof.pt\\\/en\\\/\",\"logo\":{\"@type\":\"ImageObject\",\"inLanguage\":\"pt-PT\",\"@id\":\"https:\\\/\\\/www.techof.pt\\\/en\\\/#\\\/schema\\\/logo\\\/image\\\/\",\"url\":\"https:\\\/\\\/www.techof.pt\\\/wp-content\\\/uploads\\\/2022\\\/06\\\/Tech_Logo_RGB_PRINCIPAL_PRETO.png\",\"contentUrl\":\"https:\\\/\\\/www.techof.pt\\\/wp-content\\\/uploads\\\/2022\\\/06\\\/Tech_Logo_RGB_PRINCIPAL_PRETO.png\",\"width\":1419,\"height\":806,\"caption\":\"TechOf\"},\"image\":{\"@id\":\"https:\\\/\\\/www.techof.pt\\\/en\\\/#\\\/schema\\\/logo\\\/image\\\/\"},\"sameAs\":[\"https:\\\/\\\/www.facebook.com\\\/techofpt\",\"https:\\\/\\\/x.com\\\/TechOf_\",\"https:\\\/\\\/www.linkedin.com\\\/company\\\/techof-reskilling-people\",\"https:\\\/\\\/www.instagram.com\\\/techof_\",\"https:\\\/\\\/www.youtube.com\\\/channel\\\/UCJq1PGIWFyB_FD4N6D_hqGw\"]}]}<\/script>\n<!-- \/ Yoast SEO Premium plugin. -->","yoast_head_json":{"title":"Terms - TechOf - Re-Skilling People","robots":{"index":"index","follow":"follow","max-snippet":"max-snippet:-1","max-image-preview":"max-image-preview:large","max-video-preview":"max-video-preview:-1"},"canonical":"https:\/\/www.techof.pt\/pt\/terms\/","og_locale":"pt_PT","og_type":"article","og_title":"Terms","og_description":"Terms of Use Effective as of September 1, 2022 IMPORTANT: PLEASE READ THESE TERMS OF USE CAREFULLY.\u00a0 USING THE SERVICES (AS DEFINED BELOW) CONSTITUTES ACCEPTANCE OF THIS AGREEMENT ON YOUR BEHALF. The following terms of use (\u201cAgreement\u201d) govern your use of https:\/\/www.techof.pt\u00a0(the \u201cSite\u201d) and any of the services (the \u201cServices\u201d) offered by TechOf, a business [&hellip;]","og_url":"https:\/\/www.techof.pt\/pt\/terms\/","og_site_name":"TechOf - Re-Skilling People","article_publisher":"https:\/\/www.facebook.com\/techofpt","article_modified_time":"2022-09-08T14:22:05+00:00","twitter_card":"summary_large_image","twitter_site":"@TechOf_","twitter_misc":{"Tempo estimado de leitura":"17 minutos"},"schema":{"@context":"https:\/\/schema.org","@graph":[{"@type":"WebPage","@id":"https:\/\/www.techof.pt\/en\/terms\/","url":"https:\/\/www.techof.pt\/en\/terms\/","name":"Terms - TechOf - Re-Skilling People","isPartOf":{"@id":"https:\/\/www.techof.pt\/en\/#website"},"datePublished":"2022-09-08T13:57:57+00:00","dateModified":"2022-09-08T14:22:05+00:00","breadcrumb":{"@id":"https:\/\/www.techof.pt\/en\/terms\/#breadcrumb"},"inLanguage":"pt-PT","potentialAction":[{"@type":"ReadAction","target":["https:\/\/www.techof.pt\/en\/terms\/"]}]},{"@type":"BreadcrumbList","@id":"https:\/\/www.techof.pt\/en\/terms\/#breadcrumb","itemListElement":[{"@type":"ListItem","position":1,"name":"Home","item":"https:\/\/www.techof.pt\/"},{"@type":"ListItem","position":2,"name":"Terms"}]},{"@type":"WebSite","@id":"https:\/\/www.techof.pt\/en\/#website","url":"https:\/\/www.techof.pt\/en\/","name":"TechOf - Re-Skilling People","description":"The Fast Track to Tech","publisher":{"@id":"https:\/\/www.techof.pt\/en\/#organization"},"potentialAction":[{"@type":"SearchAction","target":{"@type":"EntryPoint","urlTemplate":"https:\/\/www.techof.pt\/en\/?s={search_term_string}"},"query-input":{"@type":"PropertyValueSpecification","valueRequired":true,"valueName":"search_term_string"}}],"inLanguage":"pt-PT"},{"@type":"Organization","@id":"https:\/\/www.techof.pt\/en\/#organization","name":"A TechOf","url":"https:\/\/www.techof.pt\/en\/","logo":{"@type":"ImageObject","inLanguage":"pt-PT","@id":"https:\/\/www.techof.pt\/en\/#\/schema\/logo\/image\/","url":"https:\/\/www.techof.pt\/wp-content\/uploads\/2022\/06\/Tech_Logo_RGB_PRINCIPAL_PRETO.png","contentUrl":"https:\/\/www.techof.pt\/wp-content\/uploads\/2022\/06\/Tech_Logo_RGB_PRINCIPAL_PRETO.png","width":1419,"height":806,"caption":"TechOf"},"image":{"@id":"https:\/\/www.techof.pt\/en\/#\/schema\/logo\/image\/"},"sameAs":["https:\/\/www.facebook.com\/techofpt","https:\/\/x.com\/TechOf_","https:\/\/www.linkedin.com\/company\/techof-reskilling-people","https:\/\/www.instagram.com\/techof_","https:\/\/www.youtube.com\/channel\/UCJq1PGIWFyB_FD4N6D_hqGw"]}]}},"_links":{"self":[{"href":"https:\/\/www.techof.pt\/pt\/wp-json\/wp\/v2\/pages\/3156","targetHints":{"allow":["GET"]}}],"collection":[{"href":"https:\/\/www.techof.pt\/pt\/wp-json\/wp\/v2\/pages"}],"about":[{"href":"https:\/\/www.techof.pt\/pt\/wp-json\/wp\/v2\/types\/page"}],"author":[{"embeddable":true,"href":"https:\/\/www.techof.pt\/pt\/wp-json\/wp\/v2\/users\/3"}],"replies":[{"embeddable":true,"href":"https:\/\/www.techof.pt\/pt\/wp-json\/wp\/v2\/comments?post=3156"}],"version-history":[{"count":29,"href":"https:\/\/www.techof.pt\/pt\/wp-json\/wp\/v2\/pages\/3156\/revisions"}],"predecessor-version":[{"id":3185,"href":"https:\/\/www.techof.pt\/pt\/wp-json\/wp\/v2\/pages\/3156\/revisions\/3185"}],"wp:attachment":[{"href":"https:\/\/www.techof.pt\/pt\/wp-json\/wp\/v2\/media?parent=3156"}],"curies":[{"name":"wp","href":"https:\/\/api.w.org\/{rel}","templated":true}]}}